{"id":1669,"date":"2024-03-18T19:41:52","date_gmt":"2024-03-18T18:41:52","guid":{"rendered":"https:\/\/qa.garage71.cl\/sustainable\/?page_id=1669"},"modified":"2025-11-24T20:04:02","modified_gmt":"2025-11-24T19:04:02","slug":"area-naranja","status":"publish","type":"page","link":"https:\/\/www.sustainable.cl\/en\/areas-del-codigo\/area-naranja\/","title":{"rendered":"\u00c1rea Naranja"},"content":{"rendered":"<nav class=\"wp-block-navigation is-layout-flex wp-block-navigation-is-layout-flex\" aria-label=\"Navegaci\u00f3n\"><ul class=\"wp-block-navigation__container  wp-block-navigation\"><li class=\" wp-block-navigation-item wp-block-navigation-link\"><a class=\"wp-block-navigation-item__content\"  href=\"https:\/\/www.sustainable.cl\/areas-del-codigo\/area-verde\/\"><span class=\"wp-block-navigation-item__label\">\u00c1rea Verde<\/span><\/a><\/li><li class=\" wp-block-navigation-item wp-block-navigation-link\"><a class=\"wp-block-navigation-item__content\"  href=\"https:\/\/www.sustainable.cl\/areas-del-codigo\/area-roja\/\"><span class=\"wp-block-navigation-item__label\">\u00c1rea Roja<\/span><\/a><\/li><li class=\" wp-block-navigation-item wp-block-navigation-link\"><a class=\"wp-block-navigation-item__content\"  href=\"https:\/\/www.sustainable.cl\/areas-del-codigo\/area-naranja\/\"><span class=\"wp-block-navigation-item__label\">\u00c1rea Naranja<\/span><\/a><\/li><li class=\" wp-block-navigation-item wp-block-navigation-link\"><a class=\"wp-block-navigation-item__content\"  href=\"https:\/\/www.sustainable.cl\/areas-del-codigo\/area-morada\/\"><span class=\"wp-block-navigation-item__label\">\u00c1rea Morada<\/span><\/a><\/li><\/ul><\/nav>\n\n\n<div class=\"wp-block-columns is-layout-flex wp-container-core-columns-layout-1 wp-block-columns-is-layout-flex\">\n<div class=\"wp-block-column is-layout-flow wp-block-column-is-layout-flow\" style=\"flex-basis:33.33%\">\n<figure class=\"wp-block-image size-full marco\"><img loading=\"lazy\" decoding=\"async\" width=\"348\" height=\"400\" src=\"https:\/\/qa.garage71.cl\/sustainable\/wp-content\/uploads\/2024\/03\/shutterstock_2292116909-1.jpg\" alt=\"\" class=\"wp-image-1697\" srcset=\"https:\/\/www.sustainable.cl\/wp-content\/uploads\/2024\/03\/shutterstock_2292116909-1.jpg 348w, https:\/\/www.sustainable.cl\/wp-content\/uploads\/2024\/03\/shutterstock_2292116909-1-261x300.jpg 261w\" sizes=\"(max-width: 348px) 100vw, 348px\" \/><\/figure>\n<\/div>\n\n\n\n<div class=\"wp-block-column cabecera is-layout-flow wp-block-column-is-layout-flow\" style=\"flex-basis:66.66%\">\n<h2 class=\"wp-block-heading\">Social<\/h2>\n\n\n\n<p style=\"font-size:16px\">El \u00c1rea Naranja integra los requisitos sociales, \u00e9ticos y de gobernanza del C\u00f3digo de Sustentabilidad. Abarca la relaci\u00f3n de la empresa con sus trabajadores, proveedores, clientes y comunidades, promoviendo pr\u00e1cticas responsables, transparentes e inclusivas.<\/p>\n\n\n\n<p style=\"font-size:16px\">Incluye cap\u00edtulos relacionados con \u00e9tica e integridad empresarial, buenas pr\u00e1cticas laborales, seguridad y salud ocupacional, desarrollo profesional, relaci\u00f3n con proveedores y contratistas, comunicaci\u00f3n responsable con consumidores y vinculaci\u00f3n comunitaria.<\/p>\n<\/div>\n<\/div>\n","protected":false},"excerpt":{"rendered":"<p>Social El \u00c1rea Naranja integra los requisitos sociales, \u00e9ticos y de gobernanza del C\u00f3digo de Sustentabilidad. Abarca la relaci\u00f3n de la empresa con sus trabajadores, proveedores, clientes y comunidades, promoviendo pr\u00e1cticas responsables, transparentes e inclusivas. Incluye cap\u00edtulos relacionados con \u00e9tica e integridad empresarial, buenas pr\u00e1cticas laborales, seguridad y salud ocupacional, desarrollo profesional, relaci\u00f3n con proveedores [&hellip;]<\/p>\n","protected":false},"author":1,"featured_media":0,"parent":1329,"menu_order":0,"comment_status":"closed","ping_status":"closed","template":"page-areas.php","meta":{"_acf_changed":false,"inline_featured_image":false,"footnotes":""},"acf":[],"_links":{"self":[{"href":"https:\/\/www.sustainable.cl\/en\/wp-json\/wp\/v2\/pages\/1669"}],"collection":[{"href":"https:\/\/www.sustainable.cl\/en\/wp-json\/wp\/v2\/pages"}],"about":[{"href":"https:\/\/www.sustainable.cl\/en\/wp-json\/wp\/v2\/types\/page"}],"author":[{"embeddable":true,"href":"https:\/\/www.sustainable.cl\/en\/wp-json\/wp\/v2\/users\/1"}],"replies":[{"embeddable":true,"href":"https:\/\/www.sustainable.cl\/en\/wp-json\/wp\/v2\/comments?post=1669"}],"version-history":[{"count":8,"href":"https:\/\/www.sustainable.cl\/en\/wp-json\/wp\/v2\/pages\/1669\/revisions"}],"predecessor-version":[{"id":2321,"href":"https:\/\/www.sustainable.cl\/en\/wp-json\/wp\/v2\/pages\/1669\/revisions\/2321"}],"up":[{"embeddable":true,"href":"https:\/\/www.sustainable.cl\/en\/wp-json\/wp\/v2\/pages\/1329"}],"wp:attachment":[{"href":"https:\/\/www.sustainable.cl\/en\/wp-json\/wp\/v2\/media?parent=1669"}],"curies":[{"name":"wp","href":"https:\/\/api.w.org\/{rel}","templated":true}]}}