{"id":1378,"date":"2024-02-10T17:33:19","date_gmt":"2024-02-10T16:33:19","guid":{"rendered":"https:\/\/qa.garage71.cl\/sustainable\/?page_id=1378"},"modified":"2025-11-24T18:57:09","modified_gmt":"2025-11-24T17:57:09","slug":"contactar-un-organismo-de-certificacion","status":"publish","type":"page","link":"https:\/\/www.sustainable.cl\/en\/necesitas-certificarte\/contactar-un-organismo-de-certificacion\/","title":{"rendered":"Contactar un organismo de certificaci\u00f3n"},"content":{"rendered":"<nav class=\"wp-block-navigation is-layout-flex wp-block-navigation-is-layout-flex\" aria-label=\"C\u00f3mo certificarte\"><ul class=\"wp-block-navigation__container  wp-block-navigation\"><li class=\" wp-block-navigation-item wp-block-navigation-link has-small-font-size\"><a class=\"wp-block-navigation-item__content\"  href=\"https:\/\/www.sustainable.cl\/necesitas-certificarte\/registro\/\"><span class=\"wp-block-navigation-item__label\">1.- Registrarse en el sistema<\/span><\/a><\/li><li class=\" wp-block-navigation-item wp-block-navigation-link has-small-font-size\"><a class=\"wp-block-navigation-item__content\"  href=\"https:\/\/www.sustainable.cl\/necesitas-certificarte\/implementacion\/\"><span class=\"wp-block-navigation-item__label\">2.- Implementar el est\u00e1ndar<\/span><\/a><\/li><li class=\" wp-block-navigation-item wp-block-navigation-link has-small-font-size\"><a class=\"wp-block-navigation-item__content\"  href=\"https:\/\/www.sustainable.cl\/necesitas-certificarte\/contactar-un-organismo-de-certificacion\/\"><span class=\"wp-block-navigation-item__label\">3.- Contactar un organismo de certificaci\u00f3n<\/span><\/a><\/li><\/ul><\/nav>\n\n\n<p class=\"has-text-align-left\" style=\"font-size:16px\">Una vez que la empresa haya implementado el est\u00e1ndar y cuente con todos los Puntos Cr\u00edticos y requisitos en cumplimiento, podr\u00e1 solicitar la auditor\u00eda externa directamente a uno de los Organismos Certificadores (OC) autorizados para operar con el C\u00f3digo de Sustentabilidad.<\/p>\n\n\n\n<h3 class=\"wp-block-heading\"><strong><mark style=\"background-color:rgba(0, 0, 0, 0);color:#008080\" class=\"has-inline-color\">1. Env\u00edo de la solicitud de auditor\u00eda<\/mark><\/strong><\/h3>\n\n\n\n<p style=\"font-size:16px\">La empresa debe contactar al Organismo Certificador de su elecci\u00f3n y completar el formulario o antecedentes requeridos por dicho organismo (por ejemplo: alcance de certificaci\u00f3n, datos de la empresa, instalaciones a auditar y documentos b\u00e1sicos).<br>Cada OC puede solicitar informaci\u00f3n espec\u00edfica para generar la cotizaci\u00f3n.<\/p>\n\n\n\n<hr class=\"wp-block-separator has-alpha-channel-opacity is-style-dots\"\/>\n\n\n\n<h3 class=\"wp-block-heading\"><strong><mark style=\"background-color:rgba(0, 0, 0, 0);color:#008080\" class=\"has-inline-color\">2. Recepci\u00f3n de cotizaci\u00f3n<\/mark><\/strong><\/h3>\n\n\n\n<p style=\"font-size:16px\">Una vez recibida la solicitud, el Organismo Certificador:<\/p>\n\n\n\n<ul>\n<li style=\"font-size:16px\">Revisar\u00e1 la informaci\u00f3n inicial.<\/li>\n\n\n\n<li style=\"font-size:16px\">Determinar\u00e1 el tiempo estimado de auditor\u00eda seg\u00fan el alcance declarado.<\/li>\n\n\n\n<li style=\"font-size:16px\">Enviar\u00e1 una cotizaci\u00f3n formal a la empresa solicitante.<\/li>\n<\/ul>\n\n\n\n<p style=\"font-size:16px\">La empresa deber\u00e1 aceptar la cotizaci\u00f3n para continuar con el proceso.<\/p>\n\n\n\n<hr class=\"wp-block-separator has-alpha-channel-opacity is-style-dots\"\/>\n\n\n\n<h3 class=\"wp-block-heading\"><strong><mark style=\"background-color:rgba(0, 0, 0, 0);color:#008080\" class=\"has-inline-color\">3. Coordinaci\u00f3n de la auditor\u00eda<\/mark><\/strong><\/h3>\n\n\n\n<p style=\"font-size:16px\">Aceptada la cotizaci\u00f3n, el Organismo Certificador:<\/p>\n\n\n\n<ul>\n<li style=\"font-size:16px\">Coordinar\u00e1 con la empresa la fecha de la inspecci\u00f3n en terreno.<\/li>\n\n\n\n<li style=\"font-size:16px\">Enviar\u00e1 un plan de auditor\u00eda, indicando \u00e1reas a revisar, horarios, actividades y documentos que deben estar disponibles.<\/li>\n<\/ul>\n\n\n\n<p style=\"font-size:16px\">Este plan permite a la empresa organizar equipos, preparar evidencias y asegurar que las instalaciones est\u00e9n listas para la visita.<\/p>\n\n\n\n<hr class=\"wp-block-separator has-alpha-channel-opacity is-style-dots\"\/>\n\n\n\n<h3 class=\"wp-block-heading\"><strong><mark style=\"background-color:rgba(0, 0, 0, 0);color:#008080\" class=\"has-inline-color\">4. Organismos Certificadores autorizados<\/mark><\/strong><\/h3>\n\n\n\n<p style=\"font-size:16px\">Los Organismos Certificadores con los que trabaja el C\u00f3digo de Sustentabilidad son los siguientes:<\/p>\n\n\n\n<div class=\"wp-block-columns is-layout-flex wp-container-core-columns-layout-1 wp-block-columns-is-layout-flex\">\n<div class=\"wp-block-column is-layout-flow wp-block-column-is-layout-flow\">\n<figure class=\"wp-block-image size-full\"><img loading=\"lazy\" decoding=\"async\" width=\"900\" height=\"396\" src=\"https:\/\/www.sustainable.cl\/wp-content\/uploads\/2025\/11\/ecocert-3.png\" alt=\"\" class=\"wp-image-2188\" srcset=\"https:\/\/www.sustainable.cl\/wp-content\/uploads\/2025\/11\/ecocert-3.png 900w, https:\/\/www.sustainable.cl\/wp-content\/uploads\/2025\/11\/ecocert-3-300x132.png 300w, https:\/\/www.sustainable.cl\/wp-content\/uploads\/2025\/11\/ecocert-3-768x338.png 768w\" sizes=\"(max-width: 900px) 100vw, 900px\" \/><\/figure>\n<\/div>\n\n\n\n<div class=\"wp-block-column is-layout-flow wp-block-column-is-layout-flow\"><div class=\"wp-block-image\">\n<figure class=\"aligncenter size-large is-resized\"><img loading=\"lazy\" decoding=\"async\" width=\"1024\" height=\"1024\" src=\"https:\/\/www.sustainable.cl\/wp-content\/uploads\/2025\/11\/NSF_International_logo.svg-1024x1024.png\" alt=\"\" class=\"wp-image-2184\" style=\"width:159px;height:auto\" srcset=\"https:\/\/www.sustainable.cl\/wp-content\/uploads\/2025\/11\/NSF_International_logo.svg-1024x1024.png 1024w, https:\/\/www.sustainable.cl\/wp-content\/uploads\/2025\/11\/NSF_International_logo.svg-300x300.png 300w, https:\/\/www.sustainable.cl\/wp-content\/uploads\/2025\/11\/NSF_International_logo.svg-150x150.png 150w, https:\/\/www.sustainable.cl\/wp-content\/uploads\/2025\/11\/NSF_International_logo.svg-768x768.png 768w, https:\/\/www.sustainable.cl\/wp-content\/uploads\/2025\/11\/NSF_International_logo.svg.png 1200w\" sizes=\"(max-width: 1024px) 100vw, 1024px\" \/><\/figure><\/div><\/div>\n\n\n\n<div class=\"wp-block-column is-layout-flow wp-block-column-is-layout-flow\">\n<figure class=\"wp-block-image size-large is-resized\"><img loading=\"lazy\" decoding=\"async\" width=\"1024\" height=\"504\" src=\"https:\/\/www.sustainable.cl\/wp-content\/uploads\/2025\/11\/SGS_Logo.svg-1024x504.png\" alt=\"\" class=\"wp-image-2185\" style=\"width:268px;height:auto\" srcset=\"https:\/\/www.sustainable.cl\/wp-content\/uploads\/2025\/11\/SGS_Logo.svg-1024x504.png 1024w, https:\/\/www.sustainable.cl\/wp-content\/uploads\/2025\/11\/SGS_Logo.svg-300x148.png 300w, https:\/\/www.sustainable.cl\/wp-content\/uploads\/2025\/11\/SGS_Logo.svg-768x378.png 768w, https:\/\/www.sustainable.cl\/wp-content\/uploads\/2025\/11\/SGS_Logo.svg-1536x756.png 1536w, https:\/\/www.sustainable.cl\/wp-content\/uploads\/2025\/11\/SGS_Logo.svg-2048x1008.png 2048w\" sizes=\"(max-width: 1024px) 100vw, 1024px\" \/><\/figure>\n<\/div>\n<\/div>\n\n\n\n<div class=\"wp-block-columns is-layout-flex wp-container-core-columns-layout-2 wp-block-columns-is-layout-flex\" style=\"font-size:20px\">\n<div class=\"wp-block-column is-vertically-aligned-top is-layout-flow wp-block-column-is-layout-flow\" style=\"font-size:41px\">\n<p class=\"has-text-align-left\" style=\"font-size:16px\"><mark style=\"background-color:rgba(0, 0, 0, 0);color:#3A3A3A\" class=\"has-inline-color\"><strong>Contacto<\/strong>:<\/mark> Marcela Garate<br><strong>Cargo<\/strong>: \u00c1rea Evaluaciones Encargada Relaci\u00f3n con el Cliente<br><strong>Correo<\/strong>:\u00a0<a href=\"mailto:lmarcela.garate@ecocert.com\">marcela.garate@ecocert.com<\/a><br><strong>Tel\u00e9fono<\/strong>: +56 (9) 97460111<\/p>\n<\/div>\n\n\n\n<div class=\"wp-block-column is-vertically-aligned-top is-layout-flow wp-block-column-is-layout-flow\">\n<p style=\"font-size:16px\"><strong><mark style=\"background-color:rgba(0, 0, 0, 0);color:#3A3A3A\" class=\"has-inline-color\">Contacto<\/mark><\/strong>: L\u00eda V\u00e1squez<br><strong>Cargo<\/strong>: Auditor Senior<br><strong>Correo<\/strong>:&nbsp;<a href=\"mailto:lvasquez@nsf.org\" target=\"_blank\" rel=\"noreferrer noopener\">lvasquez@nsf.org<\/a><br><strong>Tel\u00e9fono<\/strong>: (+56) 22 32024290<\/p>\n<\/div>\n\n\n\n<div class=\"wp-block-column is-vertically-aligned-top is-layout-flow wp-block-column-is-layout-flow\">\n<p style=\"font-size:16px\"><strong><mark style=\"background-color:rgba(0, 0, 0, 0);color:#3A3A3A\" class=\"has-inline-color\">Contacto<\/mark><\/strong>: Adriana S\u00e1nchez<br><strong>Cargo: Jefa de Consultor\u00eda<\/strong><br><strong>Correo<\/strong>:&nbsp; <a href=\"mailto:adriana.sanchez@sgs.com\" target=\"_blank\" rel=\"noreferrer noopener\">adriana.sanchez@sgs.com<\/a><br><strong>Tel\u00e9fono<\/strong>:&nbsp; (+56) 9 32953126<\/p>\n<\/div>\n<\/div>\n\n\n\n<p><\/p>\n","protected":false},"excerpt":{"rendered":"<p>Una vez que la empresa haya implementado el est\u00e1ndar y cuente con todos los Puntos Cr\u00edticos y requisitos en cumplimiento, podr\u00e1 solicitar la auditor\u00eda externa directamente a uno de los Organismos Certificadores (OC) autorizados para operar con el C\u00f3digo de Sustentabilidad. 1. Env\u00edo de la solicitud de auditor\u00eda La empresa debe contactar al Organismo Certificador [&hellip;]<\/p>\n","protected":false},"author":1,"featured_media":0,"parent":1333,"menu_order":0,"comment_status":"closed","ping_status":"closed","template":"","meta":{"_acf_changed":false,"inline_featured_image":false,"footnotes":""},"acf":[],"_links":{"self":[{"href":"https:\/\/www.sustainable.cl\/en\/wp-json\/wp\/v2\/pages\/1378"}],"collection":[{"href":"https:\/\/www.sustainable.cl\/en\/wp-json\/wp\/v2\/pages"}],"about":[{"href":"https:\/\/www.sustainable.cl\/en\/wp-json\/wp\/v2\/types\/page"}],"author":[{"embeddable":true,"href":"https:\/\/www.sustainable.cl\/en\/wp-json\/wp\/v2\/users\/1"}],"replies":[{"embeddable":true,"href":"https:\/\/www.sustainable.cl\/en\/wp-json\/wp\/v2\/comments?post=1378"}],"version-history":[{"count":27,"href":"https:\/\/www.sustainable.cl\/en\/wp-json\/wp\/v2\/pages\/1378\/revisions"}],"predecessor-version":[{"id":2312,"href":"https:\/\/www.sustainable.cl\/en\/wp-json\/wp\/v2\/pages\/1378\/revisions\/2312"}],"up":[{"embeddable":true,"href":"https:\/\/www.sustainable.cl\/en\/wp-json\/wp\/v2\/pages\/1333"}],"wp:attachment":[{"href":"https:\/\/www.sustainable.cl\/en\/wp-json\/wp\/v2\/media?parent=1378"}],"curies":[{"name":"wp","href":"https:\/\/api.w.org\/{rel}","templated":true}]}}