{"id":1374,"date":"2024-02-10T17:32:18","date_gmt":"2024-02-10T16:32:18","guid":{"rendered":"https:\/\/qa.garage71.cl\/sustainable\/?page_id=1374"},"modified":"2025-11-24T17:13:10","modified_gmt":"2025-11-24T16:13:10","slug":"registro","status":"publish","type":"page","link":"https:\/\/www.sustainable.cl\/en\/necesitas-certificarte\/registro\/","title":{"rendered":"Registrarse en el sistema"},"content":{"rendered":"<nav class=\"wp-block-navigation is-layout-flex wp-block-navigation-is-layout-flex\" aria-label=\"C\u00f3mo certificarte\"><ul class=\"wp-block-navigation__container  wp-block-navigation\"><li class=\" wp-block-navigation-item wp-block-navigation-link has-small-font-size\"><a class=\"wp-block-navigation-item__content\"  href=\"https:\/\/www.sustainable.cl\/necesitas-certificarte\/registro\/\"><span class=\"wp-block-navigation-item__label\">1.- Registrarse en el sistema<\/span><\/a><\/li><li class=\" wp-block-navigation-item wp-block-navigation-link has-small-font-size\"><a class=\"wp-block-navigation-item__content\"  href=\"https:\/\/www.sustainable.cl\/necesitas-certificarte\/implementacion\/\"><span class=\"wp-block-navigation-item__label\">2.- Implementar el est\u00e1ndar<\/span><\/a><\/li><li class=\" wp-block-navigation-item wp-block-navigation-link has-small-font-size\"><a class=\"wp-block-navigation-item__content\"  href=\"https:\/\/www.sustainable.cl\/necesitas-certificarte\/contactar-un-organismo-de-certificacion\/\"><span class=\"wp-block-navigation-item__label\">3.- Contactar un organismo de certificaci\u00f3n<\/span><\/a><\/li><\/ul><\/nav>\n\n\n<div class=\"wp-block-columns is-layout-flex wp-container-core-columns-layout-1 wp-block-columns-is-layout-flex\">\n<div class=\"wp-block-column is-layout-flow wp-block-column-is-layout-flow\" style=\"flex-basis:23.3%\">\n<figure class=\"wp-block-gallery has-nested-images columns-default is-cropped wp-block-gallery-2 is-layout-flex wp-block-gallery-is-layout-flex\">\n<figure class=\"wp-block-image size-full\"><img loading=\"lazy\" decoding=\"async\" width=\"536\" height=\"537\" src=\"https:\/\/www.sustainable.cl\/wp-content\/uploads\/2025\/11\/enviar-correo.png\" alt=\"\" class=\"wp-image-2244\" srcset=\"https:\/\/www.sustainable.cl\/wp-content\/uploads\/2025\/11\/enviar-correo.png 536w, https:\/\/www.sustainable.cl\/wp-content\/uploads\/2025\/11\/enviar-correo-300x300.png 300w, https:\/\/www.sustainable.cl\/wp-content\/uploads\/2025\/11\/enviar-correo-150x150.png 150w\" sizes=\"(max-width: 536px) 100vw, 536px\" \/><\/figure>\n<\/figure>\n<\/div>\n\n\n\n<div class=\"wp-block-column is-layout-flow wp-block-column-is-layout-flow\" style=\"flex-basis:66.66%\">\n<p style=\"font-size:18px\">Para registrarse por primera vez en el Sistema de Certificaci\u00f3n del C\u00f3digo de Sustentabilidad, la empresa debe contactarse directamente con la Unidad T\u00e9cnica del C\u00f3digo (no con el Organismo Certificador).<\/p>\n\n\n\n<p style=\"font-size:18px\">Una vez realizado el contacto, se deber\u00e1 cancelar una tarifa \u00fanica de inscripci\u00f3n, que otorga a la empresa los siguientes beneficios:<\/p>\n\n\n\n<ul>\n<li style=\"font-size:18px\">Recepci\u00f3n de la informaci\u00f3n oficial del C\u00f3digo de Sustentabilidad: est\u00e1ndar vigente, listas de verificaci\u00f3n y otros documentos normativos.<\/li>\n\n\n\n<li style=\"font-size:18px\">Acceso a actividades formativas vinculadas a la sustentabilidad (por ejemplo, charlas, talleres o webinars seg\u00fan la programaci\u00f3n vigente).<\/li>\n\n\n\n<li style=\"font-size:18px\">Obtenci\u00f3n de un nombre de usuario y contrase\u00f1a para ingresar a la intranet del C\u00f3digo de Sustentabilidad, donde se gestionan los distintos pasos del proceso de certificaci\u00f3n.<\/li>\n\n\n\n<li style=\"font-size:18px\">Asignaci\u00f3n de un n\u00famero \u00fanico de registro, que identificar\u00e1 a la empresa en el Sistema de Certificaci\u00f3n.<\/li>\n<\/ul>\n\n\n\n<p style=\"font-size:18px\">Toda la informaci\u00f3n que la empresa entregue al C\u00f3digo de Sustentabilidad ser\u00e1 tratada como confidencial y se utilizar\u00e1 exclusivamente para fines asociados al proceso de certificaci\u00f3n.<\/p>\n\n\n\n<p style=\"font-size:18px\">La \u00fanica informaci\u00f3n que se har\u00e1 p\u00fablica ser\u00e1:<\/p>\n\n\n\n<ul>\n<li style=\"font-size:18px\">El listado de empresas certificadas,<\/li>\n\n\n\n<li style=\"font-size:18px\">Una rese\u00f1a b\u00e1sica de cada empresa,<\/li>\n\n\n\n<li style=\"font-size:18px\">Los n\u00fameros de registro y los certificados otorgados.<\/li>\n<\/ul>\n\n\n\n<p style=\"font-size:18px\">Para iniciar tu registro o realizar consultas, escribe a: <strong><a><mark style=\"background-color:rgba(0, 0, 0, 0);color:#008080\" class=\"has-inline-color\">certificacion@sustainable.cl<\/mark><\/a><\/strong><\/p>\n\n\n\n<p><\/p>\n\n\n\n<p class=\"has-medium-font-size\"><\/p>\n<\/div>\n<\/div>\n","protected":false},"excerpt":{"rendered":"<p>Para registrarse por primera vez en el Sistema de Certificaci\u00f3n del C\u00f3digo de Sustentabilidad, la empresa debe contactarse directamente con la Unidad T\u00e9cnica del C\u00f3digo (no con el Organismo Certificador). Una vez realizado el contacto, se deber\u00e1 cancelar una tarifa \u00fanica de inscripci\u00f3n, que otorga a la empresa los siguientes beneficios: Toda la informaci\u00f3n que [&hellip;]<\/p>\n","protected":false},"author":1,"featured_media":0,"parent":1333,"menu_order":0,"comment_status":"closed","ping_status":"closed","template":"","meta":{"_acf_changed":false,"inline_featured_image":false,"footnotes":""},"acf":[],"_links":{"self":[{"href":"https:\/\/www.sustainable.cl\/en\/wp-json\/wp\/v2\/pages\/1374"}],"collection":[{"href":"https:\/\/www.sustainable.cl\/en\/wp-json\/wp\/v2\/pages"}],"about":[{"href":"https:\/\/www.sustainable.cl\/en\/wp-json\/wp\/v2\/types\/page"}],"author":[{"embeddable":true,"href":"https:\/\/www.sustainable.cl\/en\/wp-json\/wp\/v2\/users\/1"}],"replies":[{"embeddable":true,"href":"https:\/\/www.sustainable.cl\/en\/wp-json\/wp\/v2\/comments?post=1374"}],"version-history":[{"count":15,"href":"https:\/\/www.sustainable.cl\/en\/wp-json\/wp\/v2\/pages\/1374\/revisions"}],"predecessor-version":[{"id":2297,"href":"https:\/\/www.sustainable.cl\/en\/wp-json\/wp\/v2\/pages\/1374\/revisions\/2297"}],"up":[{"embeddable":true,"href":"https:\/\/www.sustainable.cl\/en\/wp-json\/wp\/v2\/pages\/1333"}],"wp:attachment":[{"href":"https:\/\/www.sustainable.cl\/en\/wp-json\/wp\/v2\/media?parent=1374"}],"curies":[{"name":"wp","href":"https:\/\/api.w.org\/{rel}","templated":true}]}}