{"id":1361,"date":"2024-02-10T16:53:28","date_gmt":"2024-02-10T15:53:28","guid":{"rendered":"https:\/\/qa.garage71.cl\/sustainable\/?page_id=1361"},"modified":"2024-02-15T02:04:56","modified_gmt":"2024-02-15T01:04:56","slug":"biodiversidad","status":"publish","type":"page","link":"https:\/\/www.sustainable.cl\/en\/nuestros-pilares\/biodiversidad\/","title":{"rendered":"Biodiversidad"},"content":{"rendered":"<nav class=\"wp-block-navigation is-layout-flex wp-block-navigation-is-layout-flex\" aria-label=\"Nuestros pilares\"><ul class=\"wp-block-navigation__container  wp-block-navigation\"><li class=\" wp-block-navigation-item wp-block-navigation-link\"><a class=\"wp-block-navigation-item__content\"  href=\"https:\/\/www.sustainable.cl\/nuestros-pilares\/gobernanza\/\"><span class=\"wp-block-navigation-item__label\">Gobernanza<\/span><\/a><\/li><li class=\" wp-block-navigation-item wp-block-navigation-link\"><a class=\"wp-block-navigation-item__content\"  href=\"https:\/\/www.sustainable.cl\/nuestros-pilares\/trabajadores-y-comunidades\/\"><span class=\"wp-block-navigation-item__label\">Trabajadores y Comunidades<\/span><\/a><\/li><li class=\" wp-block-navigation-item wp-block-navigation-link\"><a class=\"wp-block-navigation-item__content\"  href=\"https:\/\/www.sustainable.cl\/nuestros-pilares\/consumidores\/\"><span class=\"wp-block-navigation-item__label\">Consumidores<\/span><\/a><\/li><li class=\" wp-block-navigation-item wp-block-navigation-link\"><a class=\"wp-block-navigation-item__content\"  href=\"https:\/\/www.sustainable.cl\/nuestros-pilares\/biodiversidad\/\"><span class=\"wp-block-navigation-item__label\">Biodiversidad<\/span><\/a><\/li><li class=\" wp-block-navigation-item wp-block-navigation-link\"><a class=\"wp-block-navigation-item__content\"  href=\"https:\/\/www.sustainable.cl\/nuestros-pilares\/cambio-climatico\/\"><span class=\"wp-block-navigation-item__label\">Cambio Clim\u00e1tico<\/span><\/a><\/li><li class=\" wp-block-navigation-item wp-block-navigation-link\"><a class=\"wp-block-navigation-item__content\"  href=\"https:\/\/www.sustainable.cl\/nuestros-pilares\/suelo-aire-y-agua-2\/\"><span class=\"wp-block-navigation-item__label\">Suelo, Aire y Agua<\/span><\/a><\/li><\/ul><\/nav>\n\n\n<div class=\"wp-block-columns is-layout-flex wp-container-core-columns-layout-1 wp-block-columns-is-layout-flex\">\n<div class=\"wp-block-column is-layout-flow wp-block-column-is-layout-flow\" style=\"flex-basis:66.66%\">\n<h2 class=\"wp-block-heading\">Biodiversidad<\/h2>\n\n\n\n<p>Este es un \u00e1mbito de gran preocupaci\u00f3n, que nos compromete en la proyecci\u00f3n de nuestro patrimonio natural, reconociendo las especies end\u00e9micas y cuidando las \u00e1reas de inter\u00e9s ecol\u00f3gico. La biodiversidad permite equilibrar los ecosistemas, mantener los suelos vivos y asegurar la coexistencia entre la producci\u00f3n vit\u00edcola y el cuidado de la naturaleza<\/p>\n<\/div>\n\n\n\n<div class=\"wp-block-column is-layout-flow wp-block-column-is-layout-flow\" style=\"flex-basis:33.33%\">\n<figure class=\"wp-block-image size-full\"><img loading=\"lazy\" decoding=\"async\" width=\"750\" height=\"750\" src=\"https:\/\/qa.garage71.cl\/sustainable\/wp-content\/uploads\/2024\/02\/vinedo-establecido-c19.png\" alt=\"\" class=\"wp-image-1350\" srcset=\"https:\/\/www.sustainable.cl\/wp-content\/uploads\/2024\/02\/vinedo-establecido-c19.png 750w, https:\/\/www.sustainable.cl\/wp-content\/uploads\/2024\/02\/vinedo-establecido-c19-300x300.png 300w, https:\/\/www.sustainable.cl\/wp-content\/uploads\/2024\/02\/vinedo-establecido-c19-150x150.png 150w\" sizes=\"(max-width: 750px) 100vw, 750px\" \/><\/figure>\n<\/div>\n<\/div>\n","protected":false},"excerpt":{"rendered":"<p>Biodiversidad Este es un \u00e1mbito de gran preocupaci\u00f3n, que nos compromete en la proyecci\u00f3n de nuestro patrimonio natural, reconociendo las especies end\u00e9micas y cuidando las \u00e1reas de inter\u00e9s ecol\u00f3gico. La biodiversidad permite equilibrar los ecosistemas, mantener los suelos vivos y asegurar la coexistencia entre la producci\u00f3n vit\u00edcola y el cuidado de la naturaleza<\/p>\n","protected":false},"author":1,"featured_media":0,"parent":1323,"menu_order":0,"comment_status":"closed","ping_status":"closed","template":"","meta":{"_acf_changed":false,"inline_featured_image":false,"footnotes":""},"acf":[],"_links":{"self":[{"href":"https:\/\/www.sustainable.cl\/en\/wp-json\/wp\/v2\/pages\/1361"}],"collection":[{"href":"https:\/\/www.sustainable.cl\/en\/wp-json\/wp\/v2\/pages"}],"about":[{"href":"https:\/\/www.sustainable.cl\/en\/wp-json\/wp\/v2\/types\/page"}],"author":[{"embeddable":true,"href":"https:\/\/www.sustainable.cl\/en\/wp-json\/wp\/v2\/users\/1"}],"replies":[{"embeddable":true,"href":"https:\/\/www.sustainable.cl\/en\/wp-json\/wp\/v2\/comments?post=1361"}],"version-history":[{"count":4,"href":"https:\/\/www.sustainable.cl\/en\/wp-json\/wp\/v2\/pages\/1361\/revisions"}],"predecessor-version":[{"id":1503,"href":"https:\/\/www.sustainable.cl\/en\/wp-json\/wp\/v2\/pages\/1361\/revisions\/1503"}],"up":[{"embeddable":true,"href":"https:\/\/www.sustainable.cl\/en\/wp-json\/wp\/v2\/pages\/1323"}],"wp:attachment":[{"href":"https:\/\/www.sustainable.cl\/en\/wp-json\/wp\/v2\/media?parent=1361"}],"curies":[{"name":"wp","href":"https:\/\/api.w.org\/{rel}","templated":true}]}}