{"id":1323,"date":"2024-01-27T00:17:23","date_gmt":"2024-01-26T23:17:23","guid":{"rendered":"http:\/\/localhost\/sustainable\/?page_id=1323"},"modified":"2025-11-24T18:47:53","modified_gmt":"2025-11-24T17:47:53","slug":"nuestros-pilares","status":"publish","type":"page","link":"https:\/\/www.sustainable.cl\/en\/nuestros-pilares\/","title":{"rendered":"Our Pillars"},"content":{"rendered":"<nav class=\"wp-block-navigation is-layout-flex wp-block-navigation-is-layout-flex\" aria-label=\"Nuestros pilares\"><ul class=\"wp-block-navigation__container  wp-block-navigation\"><li class=\" wp-block-navigation-item wp-block-navigation-link\"><a class=\"wp-block-navigation-item__content\"  href=\"https:\/\/www.sustainable.cl\/nuestros-pilares\/gobernanza\/\"><span class=\"wp-block-navigation-item__label\">Gobernanza<\/span><\/a><\/li><li class=\" wp-block-navigation-item wp-block-navigation-link\"><a class=\"wp-block-navigation-item__content\"  href=\"https:\/\/www.sustainable.cl\/nuestros-pilares\/trabajadores-y-comunidades\/\"><span class=\"wp-block-navigation-item__label\">Trabajadores y Comunidades<\/span><\/a><\/li><li class=\" wp-block-navigation-item wp-block-navigation-link\"><a class=\"wp-block-navigation-item__content\"  href=\"https:\/\/www.sustainable.cl\/nuestros-pilares\/consumidores\/\"><span class=\"wp-block-navigation-item__label\">Consumidores<\/span><\/a><\/li><li class=\" wp-block-navigation-item wp-block-navigation-link\"><a class=\"wp-block-navigation-item__content\"  href=\"https:\/\/www.sustainable.cl\/nuestros-pilares\/biodiversidad\/\"><span class=\"wp-block-navigation-item__label\">Biodiversidad<\/span><\/a><\/li><li class=\" wp-block-navigation-item wp-block-navigation-link\"><a class=\"wp-block-navigation-item__content\"  href=\"https:\/\/www.sustainable.cl\/nuestros-pilares\/cambio-climatico\/\"><span class=\"wp-block-navigation-item__label\">Cambio Clim\u00e1tico<\/span><\/a><\/li><li class=\" wp-block-navigation-item wp-block-navigation-link\"><a class=\"wp-block-navigation-item__content\"  href=\"https:\/\/www.sustainable.cl\/nuestros-pilares\/suelo-aire-y-agua-2\/\"><span class=\"wp-block-navigation-item__label\">Suelo, Aire y Agua<\/span><\/a><\/li><\/ul><\/nav>\n\n\n<div class=\"wp-block-columns is-layout-flex wp-container-core-columns-layout-1 wp-block-columns-is-layout-flex\">\n<div class=\"wp-block-column is-layout-flow wp-block-column-is-layout-flow\" style=\"flex-basis:33.33%\">\n<figure class=\"wp-block-image size-full\"><img loading=\"lazy\" decoding=\"async\" width=\"750\" height=\"750\" src=\"https:\/\/qa.garage71.cl\/sustainable\/wp-content\/uploads\/2024\/02\/AN-c1.png\" alt=\"\" class=\"wp-image-1347\" srcset=\"https:\/\/www.sustainable.cl\/wp-content\/uploads\/2024\/02\/AN-c1.png 750w, https:\/\/www.sustainable.cl\/wp-content\/uploads\/2024\/02\/AN-c1-300x300.png 300w, https:\/\/www.sustainable.cl\/wp-content\/uploads\/2024\/02\/AN-c1-150x150.png 150w\" sizes=\"(max-width: 750px) 100vw, 750px\" \/><\/figure>\n<\/div>\n\n\n\n<div class=\"wp-block-column is-layout-flow wp-block-column-is-layout-flow\" style=\"flex-basis:66.66%\">\n<h2 class=\"wp-block-heading\">Gobernanza<\/h2>\n\n\n\n<p>Las buenas organizaciones necesitan una estructura con responsabilidades claras y procedimientos espec\u00edficos que aseguren el buen funcionamiento y la generaci\u00f3n real de valor. Nuestro C\u00f3digo exige una gobernanza de calidad y en su propio sistema interno, incorpora diversas instancias de decisi\u00f3n y un sistema de certificaci\u00f3n externo e independiente.<\/p>\n<\/div>\n<\/div>\n\n\n\n<div class=\"wp-block-columns is-layout-flex wp-container-core-columns-layout-2 wp-block-columns-is-layout-flex\">\n<div class=\"wp-block-column is-layout-flow wp-block-column-is-layout-flow\" style=\"flex-basis:66.66%\">\n<h2 class=\"wp-block-heading\">Trabajadores<\/h2>\n\n\n\n<p>Uno de los principales actores de cambio hacia la integraci\u00f3n de pr\u00e1cticas sostenibles, son precisamente los trabajadores, a quienes se les debe brindar condiciones dignas y seguras de trabajo, adem\u00e1s de posibilidades de desarrollo laboral y capacitaci\u00f3n.<\/p>\n<\/div>\n\n\n\n<div class=\"wp-block-column is-layout-flow wp-block-column-is-layout-flow\" style=\"flex-basis:33.33%\">\n<figure class=\"wp-block-image size-full\"><img loading=\"lazy\" decoding=\"async\" width=\"750\" height=\"750\" src=\"https:\/\/qa.garage71.cl\/sustainable\/wp-content\/uploads\/2024\/02\/AN-c6.png\" alt=\"\" class=\"wp-image-1348\" srcset=\"https:\/\/www.sustainable.cl\/wp-content\/uploads\/2024\/02\/AN-c6.png 750w, https:\/\/www.sustainable.cl\/wp-content\/uploads\/2024\/02\/AN-c6-300x300.png 300w, https:\/\/www.sustainable.cl\/wp-content\/uploads\/2024\/02\/AN-c6-150x150.png 150w\" sizes=\"(max-width: 750px) 100vw, 750px\" \/><\/figure>\n<\/div>\n<\/div>\n\n\n\n<div class=\"wp-block-columns is-layout-flex wp-container-core-columns-layout-3 wp-block-columns-is-layout-flex\">\n<div class=\"wp-block-column is-layout-flow wp-block-column-is-layout-flow\" style=\"flex-basis:33.33%\">\n<figure class=\"wp-block-image size-full\"><img loading=\"lazy\" decoding=\"async\" width=\"750\" height=\"750\" src=\"https:\/\/qa.garage71.cl\/sustainable\/wp-content\/uploads\/2024\/02\/AN-c8.png\" alt=\"\" class=\"wp-image-1349\" srcset=\"https:\/\/www.sustainable.cl\/wp-content\/uploads\/2024\/02\/AN-c8.png 750w, https:\/\/www.sustainable.cl\/wp-content\/uploads\/2024\/02\/AN-c8-300x300.png 300w, https:\/\/www.sustainable.cl\/wp-content\/uploads\/2024\/02\/AN-c8-150x150.png 150w\" sizes=\"(max-width: 750px) 100vw, 750px\" \/><\/figure>\n<\/div>\n\n\n\n<div class=\"wp-block-column is-layout-flow wp-block-column-is-layout-flow\" style=\"flex-basis:66.66%\">\n<h2 class=\"wp-block-heading\">Consumidores<\/h2>\n\n\n\n<p>Se les debe brindar productos de calidad, seguros para su consumo, pero tambi\u00e9n con sentido, respetando las condiciones ambientales y sociales en toda la cadena de producci\u00f3n. Tambi\u00e9n a los consumidores hay que brindarles informaci\u00f3n y capacitaci\u00f3n para un consumo responsable, que sea compatible con un estilo de vida saludable.<\/p>\n<\/div>\n<\/div>\n\n\n\n<div class=\"wp-block-columns is-layout-flex wp-container-core-columns-layout-4 wp-block-columns-is-layout-flex\">\n<div class=\"wp-block-column is-layout-flow wp-block-column-is-layout-flow\" style=\"flex-basis:66.66%\">\n<h2 class=\"wp-block-heading\">Biodiversidad<\/h2>\n\n\n\n<p>Este es un \u00e1mbito de gran preocupaci\u00f3n, que nos compromete en la proyecci\u00f3n de nuestro patrimonio natural, reconociendo las especies end\u00e9micas y cuidando las \u00e1reas de inter\u00e9s ecol\u00f3gico. La biodiversidad permite equilibrar los ecosistemas, mantener los suelos vivos y asegurar la coexistencia entre la producci\u00f3n vit\u00edcola y el cuidado de la naturaleza.<\/p>\n<\/div>\n\n\n\n<div class=\"wp-block-column is-layout-flow wp-block-column-is-layout-flow\" style=\"flex-basis:33.33%\">\n<figure class=\"wp-block-image size-full\"><img loading=\"lazy\" decoding=\"async\" width=\"750\" height=\"750\" src=\"https:\/\/qa.garage71.cl\/sustainable\/wp-content\/uploads\/2024\/02\/vinedo-establecido-c19.png\" alt=\"\" class=\"wp-image-1350\" srcset=\"https:\/\/www.sustainable.cl\/wp-content\/uploads\/2024\/02\/vinedo-establecido-c19.png 750w, https:\/\/www.sustainable.cl\/wp-content\/uploads\/2024\/02\/vinedo-establecido-c19-300x300.png 300w, https:\/\/www.sustainable.cl\/wp-content\/uploads\/2024\/02\/vinedo-establecido-c19-150x150.png 150w\" sizes=\"(max-width: 750px) 100vw, 750px\" \/><\/figure>\n<\/div>\n<\/div>\n\n\n\n<div class=\"wp-block-columns is-layout-flex wp-container-core-columns-layout-5 wp-block-columns-is-layout-flex\">\n<div class=\"wp-block-column is-layout-flow wp-block-column-is-layout-flow\" style=\"flex-basis:33.33%\">\n<figure class=\"wp-block-image size-full\"><img loading=\"lazy\" decoding=\"async\" width=\"750\" height=\"750\" src=\"https:\/\/qa.garage71.cl\/sustainable\/wp-content\/uploads\/2024\/02\/AN-c5.png\" alt=\"\" class=\"wp-image-1351\" srcset=\"https:\/\/www.sustainable.cl\/wp-content\/uploads\/2024\/02\/AN-c5.png 750w, https:\/\/www.sustainable.cl\/wp-content\/uploads\/2024\/02\/AN-c5-300x300.png 300w, https:\/\/www.sustainable.cl\/wp-content\/uploads\/2024\/02\/AN-c5-150x150.png 150w\" sizes=\"(max-width: 750px) 100vw, 750px\" \/><\/figure>\n<\/div>\n\n\n\n<div class=\"wp-block-column is-layout-flow wp-block-column-is-layout-flow\" style=\"flex-basis:66.66%\">\n<h2 class=\"wp-block-heading\">Cambio clim\u00e1tico<\/h2>\n\n\n\n<p>Sin duda es uno de los principales desaf\u00edos del \u00faltimo tiempo como sociedad. Desde el sector vitivin\u00edcola, apuntamos a disminuir con diferentes pr\u00e1cticas y cambios tecnol\u00f3gicos, las emisiones que contribuyen a este fen\u00f3meno, junto con el cuidado de nuestros suelos y la biodiversidad.<\/p>\n<\/div>\n<\/div>\n\n\n\n<div class=\"wp-block-columns is-layout-flex wp-container-core-columns-layout-6 wp-block-columns-is-layout-flex\">\n<div class=\"wp-block-column is-layout-flow wp-block-column-is-layout-flow\" style=\"flex-basis:66.66%\">\n<h2 class=\"wp-block-heading\">Suelo, Aire y Agua<\/h2>\n\n\n\n<p>Son recursos fundamentales para la vida, y por lo tanto, se deben proteger y utilizar responsablemente. Para ello se requiere una mirada amplia, que, junto con considerar los trabajos en vi\u00f1edos y sitios de producci\u00f3n, tambi\u00e9n abarque los potenciales impactos a nivel territorial y en comunidades cercanas.<\/p>\n<\/div>\n\n\n\n<div class=\"wp-block-column is-layout-flow wp-block-column-is-layout-flow\" style=\"flex-basis:33.33%\">\n<figure class=\"wp-block-image size-full\"><img loading=\"lazy\" decoding=\"async\" width=\"202\" height=\"225\" src=\"https:\/\/qa.garage71.cl\/sustainable\/wp-content\/uploads\/2024\/02\/Suelo-aire-y-agua.png\" alt=\"\" class=\"wp-image-1352\"\/><\/figure>\n<\/div>\n<\/div>\n","protected":false},"excerpt":{"rendered":"<p>Gobernanza Las buenas organizaciones necesitan una estructura con responsabilidades claras y procedimientos espec\u00edficos que aseguren el buen funcionamiento y la generaci\u00f3n real de valor. Nuestro C\u00f3digo exige una gobernanza de calidad y en su propio sistema interno, incorpora diversas instancias de decisi\u00f3n y un sistema de certificaci\u00f3n externo e independiente. Trabajadores Uno de los principales [&hellip;]<\/p>\n","protected":false},"author":1,"featured_media":0,"parent":0,"menu_order":0,"comment_status":"closed","ping_status":"closed","template":"","meta":{"_acf_changed":false,"inline_featured_image":false,"footnotes":""},"acf":[],"_links":{"self":[{"href":"https:\/\/www.sustainable.cl\/en\/wp-json\/wp\/v2\/pages\/1323"}],"collection":[{"href":"https:\/\/www.sustainable.cl\/en\/wp-json\/wp\/v2\/pages"}],"about":[{"href":"https:\/\/www.sustainable.cl\/en\/wp-json\/wp\/v2\/types\/page"}],"author":[{"embeddable":true,"href":"https:\/\/www.sustainable.cl\/en\/wp-json\/wp\/v2\/users\/1"}],"replies":[{"embeddable":true,"href":"https:\/\/www.sustainable.cl\/en\/wp-json\/wp\/v2\/comments?post=1323"}],"version-history":[{"count":12,"href":"https:\/\/www.sustainable.cl\/en\/wp-json\/wp\/v2\/pages\/1323\/revisions"}],"predecessor-version":[{"id":2308,"href":"https:\/\/www.sustainable.cl\/en\/wp-json\/wp\/v2\/pages\/1323\/revisions\/2308"}],"wp:attachment":[{"href":"https:\/\/www.sustainable.cl\/en\/wp-json\/wp\/v2\/media?parent=1323"}],"curies":[{"name":"wp","href":"https:\/\/api.w.org\/{rel}","templated":true}]}}